{"id":148,"date":"2024-11-21T21:39:06","date_gmt":"2024-11-21T20:39:06","guid":{"rendered":"https:\/\/chii.ro\/index.php\/generated-homepage\/"},"modified":"2024-11-22T16:05:28","modified_gmt":"2024-11-22T15:05:28","slug":"generated-homepage","status":"publish","type":"page","link":"https:\/\/chii.ro\/","title":{"rendered":"Generated Homepage"},"content":{"rendered":"<h1 style=\"color: var(--tcb-skin-color-30) !important; --tcb-applied-color: var$(--tcb-skin-color-30) !important;\">Les news \u00e0 venir de&nbsp;<\/h1>\n<p style=\"text-align: center; color: var(--tcb-skin-color-27) !important; --tcb-applied-color: var$(--tcb-skin-color-27) !important;\">Chiir\u00f6<\/p>\n<h2 style=\"\">La newsletter<\/h2>\n<p style=\"\">N&#8217;h\u00e9sitez pas \u00e0 laisser votre nom et email pour rester inform\u00e9.e des actualit\u00e9s autour du projet chiir\u00f6<\/p>\n<p><span><img decoding=\"async\" alt=\"\" data-id=\"240\" width=\"84\" data-init-width=\"90\" height=\"116\" data-init-height=\"124\" title=\"Ellipses let's talk\" loading=\"lazy\" src=\"\/\/chii.ro\/wp-content\/uploads\/tcb_lp_templates\/templates\/css\/images\/Ellipses-lets-talk.png\" data-width=\"84\" data-height=\"116\" style=\"aspect-ratio: auto 90 \/ 124;\"><\/span><\/p>\n","protected":false},"excerpt":{"rendered":"<p>Les news \u00e0 venir de&nbsp; Chiir\u00f6 La newsletter N&#8217;h\u00e9sitez pas \u00e0 laisser votre nom et email pour rester inform\u00e9.e des actualit\u00e9s autour du projet chiir\u00f6<\/p>\n","protected":false},"author":1,"featured_media":0,"parent":0,"menu_order":0,"comment_status":"closed","ping_status":"closed","template":"","meta":{"footnotes":""},"class_list":["post-148","page","type-page","status-publish","hentry","post-wrapper","thrv_wrapper"],"_links":{"self":[{"href":"https:\/\/chii.ro\/index.php\/wp-json\/wp\/v2\/pages\/148","targetHints":{"allow":["GET"]}}],"collection":[{"href":"https:\/\/chii.ro\/index.php\/wp-json\/wp\/v2\/pages"}],"about":[{"href":"https:\/\/chii.ro\/index.php\/wp-json\/wp\/v2\/types\/page"}],"author":[{"embeddable":true,"href":"https:\/\/chii.ro\/index.php\/wp-json\/wp\/v2\/users\/1"}],"replies":[{"embeddable":true,"href":"https:\/\/chii.ro\/index.php\/wp-json\/wp\/v2\/comments?post=148"}],"version-history":[{"count":17,"href":"https:\/\/chii.ro\/index.php\/wp-json\/wp\/v2\/pages\/148\/revisions"}],"predecessor-version":[{"id":180,"href":"https:\/\/chii.ro\/index.php\/wp-json\/wp\/v2\/pages\/148\/revisions\/180"}],"wp:attachment":[{"href":"https:\/\/chii.ro\/index.php\/wp-json\/wp\/v2\/media?parent=148"}],"curies":[{"name":"wp","href":"https:\/\/api.w.org\/{rel}","templated":true}]}}